{"id":12477,"date":"2024-05-23T17:39:05","date_gmt":"2024-05-23T15:39:05","guid":{"rendered":"https:\/\/home-dev.infn.it\/km3net\/"},"modified":"2025-02-13T09:38:14","modified_gmt":"2025-02-13T08:38:14","slug":"km3net","status":"publish","type":"page","link":"https:\/\/home-dev.infn.it\/en\/research\/flagship-projects\/km3net\/","title":{"rendered":"KM3NeT"},"content":{"rendered":"","protected":false},"excerpt":{"rendered":"<p>Km3net \u00e8 la pi\u00f9 estesa infrastruttura sottomarina di ricerca del mondo. Situata nelle profondit\u00e0 del Mar Mediterraneo, ospita due telescopi per neutrini: Arca al largo di Capo passero in Sicilia, e Orcaal largo di Tolone, Francia. I neutrini sono tra le particelle pi\u00f9 abbondanti e sfuggenti dell\u2019universo: in numero sono secondi solo ai fotoni. <\/p>\n","protected":false},"author":19,"featured_media":13937,"parent":12801,"menu_order":105,"comment_status":"closed","ping_status":"closed","template":"pages\/page-block-template.php","meta":{"_acf_changed":false,"inline_featured_image":false,"footnotes":""},"class_list":["post-12477","page","type-page","status-publish","has-post-thumbnail","hentry"],"acf":[],"yoast_head":"<!-- This site is optimized with the Yoast SEO plugin v27.1.1 - https:\/\/yoast.com\/product\/yoast-seo-wordpress\/ -->\n<title>KM3NeT - Istituto Nazionale di Fisica Nucleare<\/title>\n<meta name=\"description\" content=\"Scopri KM3NeT, la pi\u00f9 estesa infrastruttura sottomarina di ricerca nel Mar Mediterraneo. Studia i neutrini di alta energia prodotti nelle esplosioni cosmiche con i telescopi ARCA e ORCA. Approfondisci la collaborazione internazionale e l&#039;impatto scientifico ed economico del progetto, con importanti ricadute per le regioni del Sud Italia.\" \/>\n<meta name=\"robots\" content=\"noindex, follow, max-snippet:-1, max-image-preview:large, max-video-preview:-1\" \/>\n<meta property=\"og:locale\" content=\"en_US\" \/>\n<meta property=\"og:type\" content=\"article\" \/>\n<meta property=\"og:title\" content=\"KM3NeT - Istituto Nazionale di Fisica Nucleare\" \/>\n<meta property=\"og:description\" content=\"Scopri KM3NeT, la pi\u00f9 estesa infrastruttura sottomarina di ricerca nel Mar Mediterraneo. Studia i neutrini di alta energia prodotti nelle esplosioni cosmiche con i telescopi ARCA e ORCA. Approfondisci la collaborazione internazionale e l&#039;impatto scientifico ed economico del progetto, con importanti ricadute per le regioni del Sud Italia.\" \/>\n<meta property=\"og:url\" content=\"https:\/\/home-dev.infn.it\/en\/research\/flagship-projects\/km3net\/\" \/>\n<meta property=\"og:site_name\" content=\"Istituto Nazionale di Fisica Nucleare\" \/>\n<meta property=\"article:modified_time\" content=\"2025-02-13T08:38:14+00:00\" \/>\n<meta property=\"og:image\" content=\"https:\/\/home-dev.infn.it\/wp-content\/uploads\/2024\/07\/2_Optical-module-in-the-deep-sea.jpg\" \/>\n\t<meta property=\"og:image:width\" content=\"1920\" \/>\n\t<meta property=\"og:image:height\" content=\"1060\" \/>\n\t<meta property=\"og:image:type\" content=\"image\/jpeg\" \/>\n<meta name=\"twitter:card\" content=\"summary_large_image\" \/>\n<meta name=\"twitter:label1\" content=\"Est. reading time\" \/>\n\t<meta name=\"twitter:data1\" content=\"1 minute\" \/>\n<script type=\"application\/ld+json\" class=\"yoast-schema-graph\">{\"@context\":\"https:\/\/schema.org\",\"@graph\":[{\"@type\":\"WebPage\",\"@id\":\"https:\/\/home-dev.infn.it\/en\/research\/flagship-projects\/km3net\/\",\"url\":\"https:\/\/home-dev.infn.it\/en\/research\/flagship-projects\/km3net\/\",\"name\":\"KM3NeT - Istituto Nazionale di Fisica Nucleare\",\"isPartOf\":{\"@id\":\"https:\/\/home-dev.infn.it\/en\/#website\"},\"primaryImageOfPage\":{\"@id\":\"https:\/\/home-dev.infn.it\/en\/research\/flagship-projects\/km3net\/#primaryimage\"},\"image\":{\"@id\":\"https:\/\/home-dev.infn.it\/en\/research\/flagship-projects\/km3net\/#primaryimage\"},\"thumbnailUrl\":\"https:\/\/home-dev.infn.it\/wp-content\/uploads\/2024\/07\/2_Optical-module-in-the-deep-sea.jpg\",\"datePublished\":\"2024-05-23T15:39:05+00:00\",\"dateModified\":\"2025-02-13T08:38:14+00:00\",\"description\":\"Scopri KM3NeT, la pi\u00f9 estesa infrastruttura sottomarina di ricerca nel Mar Mediterraneo. Studia i neutrini di alta energia prodotti nelle esplosioni cosmiche con i telescopi ARCA e ORCA. Approfondisci la collaborazione internazionale e l'impatto scientifico ed economico del progetto, con importanti ricadute per le regioni del Sud Italia.\",\"breadcrumb\":{\"@id\":\"https:\/\/home-dev.infn.it\/en\/research\/flagship-projects\/km3net\/#breadcrumb\"},\"inLanguage\":\"en-US\",\"potentialAction\":[{\"@type\":\"ReadAction\",\"target\":[\"https:\/\/home-dev.infn.it\/en\/research\/flagship-projects\/km3net\/\"]}]},{\"@type\":\"ImageObject\",\"inLanguage\":\"en-US\",\"@id\":\"https:\/\/home-dev.infn.it\/en\/research\/flagship-projects\/km3net\/#primaryimage\",\"url\":\"https:\/\/home-dev.infn.it\/wp-content\/uploads\/2024\/07\/2_Optical-module-in-the-deep-sea.jpg\",\"contentUrl\":\"https:\/\/home-dev.infn.it\/wp-content\/uploads\/2024\/07\/2_Optical-module-in-the-deep-sea.jpg\",\"width\":1920,\"height\":1060},{\"@type\":\"BreadcrumbList\",\"@id\":\"https:\/\/home-dev.infn.it\/en\/research\/flagship-projects\/km3net\/#breadcrumb\",\"itemListElement\":[{\"@type\":\"ListItem\",\"position\":1,\"name\":\"Home\",\"item\":\"https:\/\/home-dev.infn.it\/en\/\"},{\"@type\":\"ListItem\",\"position\":2,\"name\":\"Research\",\"item\":\"https:\/\/home-dev.infn.it\/en\/research\/\"},{\"@type\":\"ListItem\",\"position\":3,\"name\":\"Flagship projects\",\"item\":\"https:\/\/home-dev.infn.it\/en\/research\/flagship-projects\/\"},{\"@type\":\"ListItem\",\"position\":4,\"name\":\"KM3NeT\"}]},{\"@type\":\"WebSite\",\"@id\":\"https:\/\/home-dev.infn.it\/en\/#website\",\"url\":\"https:\/\/home-dev.infn.it\/en\/\",\"name\":\"Istituto Nazionale di Fisica Nucleare\",\"description\":\"\",\"alternateName\":\"Istituto Nazionale di Fisica Nucleare\",\"potentialAction\":[{\"@type\":\"SearchAction\",\"target\":{\"@type\":\"EntryPoint\",\"urlTemplate\":\"https:\/\/home-dev.infn.it\/en\/?s={search_term_string}\"},\"query-input\":{\"@type\":\"PropertyValueSpecification\",\"valueRequired\":true,\"valueName\":\"search_term_string\"}}],\"inLanguage\":\"en-US\"}]}<\/script>\n<!-- \/ Yoast SEO plugin. -->","yoast_head_json":{"title":"KM3NeT - Istituto Nazionale di Fisica Nucleare","description":"Scopri KM3NeT, la pi\u00f9 estesa infrastruttura sottomarina di ricerca nel Mar Mediterraneo. Studia i neutrini di alta energia prodotti nelle esplosioni cosmiche con i telescopi ARCA e ORCA. Approfondisci la collaborazione internazionale e l'impatto scientifico ed economico del progetto, con importanti ricadute per le regioni del Sud Italia.","robots":{"index":"noindex","follow":"follow","max-snippet":"max-snippet:-1","max-image-preview":"max-image-preview:large","max-video-preview":"max-video-preview:-1"},"og_locale":"en_US","og_type":"article","og_title":"KM3NeT - Istituto Nazionale di Fisica Nucleare","og_description":"Scopri KM3NeT, la pi\u00f9 estesa infrastruttura sottomarina di ricerca nel Mar Mediterraneo. Studia i neutrini di alta energia prodotti nelle esplosioni cosmiche con i telescopi ARCA e ORCA. Approfondisci la collaborazione internazionale e l'impatto scientifico ed economico del progetto, con importanti ricadute per le regioni del Sud Italia.","og_url":"https:\/\/home-dev.infn.it\/en\/research\/flagship-projects\/km3net\/","og_site_name":"Istituto Nazionale di Fisica Nucleare","article_modified_time":"2025-02-13T08:38:14+00:00","og_image":[{"width":1920,"height":1060,"url":"https:\/\/home-dev.infn.it\/wp-content\/uploads\/2024\/07\/2_Optical-module-in-the-deep-sea.jpg","type":"image\/jpeg"}],"twitter_card":"summary_large_image","twitter_misc":{"Est. reading time":"1 minute"},"schema":{"@context":"https:\/\/schema.org","@graph":[{"@type":"WebPage","@id":"https:\/\/home-dev.infn.it\/en\/research\/flagship-projects\/km3net\/","url":"https:\/\/home-dev.infn.it\/en\/research\/flagship-projects\/km3net\/","name":"KM3NeT - Istituto Nazionale di Fisica Nucleare","isPartOf":{"@id":"https:\/\/home-dev.infn.it\/en\/#website"},"primaryImageOfPage":{"@id":"https:\/\/home-dev.infn.it\/en\/research\/flagship-projects\/km3net\/#primaryimage"},"image":{"@id":"https:\/\/home-dev.infn.it\/en\/research\/flagship-projects\/km3net\/#primaryimage"},"thumbnailUrl":"https:\/\/home-dev.infn.it\/wp-content\/uploads\/2024\/07\/2_Optical-module-in-the-deep-sea.jpg","datePublished":"2024-05-23T15:39:05+00:00","dateModified":"2025-02-13T08:38:14+00:00","description":"Scopri KM3NeT, la pi\u00f9 estesa infrastruttura sottomarina di ricerca nel Mar Mediterraneo. Studia i neutrini di alta energia prodotti nelle esplosioni cosmiche con i telescopi ARCA e ORCA. Approfondisci la collaborazione internazionale e l'impatto scientifico ed economico del progetto, con importanti ricadute per le regioni del Sud Italia.","breadcrumb":{"@id":"https:\/\/home-dev.infn.it\/en\/research\/flagship-projects\/km3net\/#breadcrumb"},"inLanguage":"en-US","potentialAction":[{"@type":"ReadAction","target":["https:\/\/home-dev.infn.it\/en\/research\/flagship-projects\/km3net\/"]}]},{"@type":"ImageObject","inLanguage":"en-US","@id":"https:\/\/home-dev.infn.it\/en\/research\/flagship-projects\/km3net\/#primaryimage","url":"https:\/\/home-dev.infn.it\/wp-content\/uploads\/2024\/07\/2_Optical-module-in-the-deep-sea.jpg","contentUrl":"https:\/\/home-dev.infn.it\/wp-content\/uploads\/2024\/07\/2_Optical-module-in-the-deep-sea.jpg","width":1920,"height":1060},{"@type":"BreadcrumbList","@id":"https:\/\/home-dev.infn.it\/en\/research\/flagship-projects\/km3net\/#breadcrumb","itemListElement":[{"@type":"ListItem","position":1,"name":"Home","item":"https:\/\/home-dev.infn.it\/en\/"},{"@type":"ListItem","position":2,"name":"Research","item":"https:\/\/home-dev.infn.it\/en\/research\/"},{"@type":"ListItem","position":3,"name":"Flagship projects","item":"https:\/\/home-dev.infn.it\/en\/research\/flagship-projects\/"},{"@type":"ListItem","position":4,"name":"KM3NeT"}]},{"@type":"WebSite","@id":"https:\/\/home-dev.infn.it\/en\/#website","url":"https:\/\/home-dev.infn.it\/en\/","name":"Istituto Nazionale di Fisica Nucleare","description":"","alternateName":"Istituto Nazionale di Fisica Nucleare","potentialAction":[{"@type":"SearchAction","target":{"@type":"EntryPoint","urlTemplate":"https:\/\/home-dev.infn.it\/en\/?s={search_term_string}"},"query-input":{"@type":"PropertyValueSpecification","valueRequired":true,"valueName":"search_term_string"}}],"inLanguage":"en-US"}]}},"publishpress_future_action":{"enabled":false,"date":"2026-05-05 12:10:42","action":"change-status","newStatus":"draft","terms":[],"taxonomy":"translation_priority","extraData":[]},"publishpress_future_workflow_manual_trigger":{"enabledWorkflows":[]},"_links":{"self":[{"href":"https:\/\/home-dev.infn.it\/en\/wp-json\/wp\/v2\/pages\/12477","targetHints":{"allow":["GET"]}}],"collection":[{"href":"https:\/\/home-dev.infn.it\/en\/wp-json\/wp\/v2\/pages"}],"about":[{"href":"https:\/\/home-dev.infn.it\/en\/wp-json\/wp\/v2\/types\/page"}],"author":[{"embeddable":true,"href":"https:\/\/home-dev.infn.it\/en\/wp-json\/wp\/v2\/users\/19"}],"replies":[{"embeddable":true,"href":"https:\/\/home-dev.infn.it\/en\/wp-json\/wp\/v2\/comments?post=12477"}],"version-history":[{"count":15,"href":"https:\/\/home-dev.infn.it\/en\/wp-json\/wp\/v2\/pages\/12477\/revisions"}],"predecessor-version":[{"id":25379,"href":"https:\/\/home-dev.infn.it\/en\/wp-json\/wp\/v2\/pages\/12477\/revisions\/25379"}],"up":[{"embeddable":true,"href":"https:\/\/home-dev.infn.it\/en\/wp-json\/wp\/v2\/pages\/12801"}],"wp:featuredmedia":[{"embeddable":true,"href":"https:\/\/home-dev.infn.it\/en\/wp-json\/wp\/v2\/media\/13937"}],"wp:attachment":[{"href":"https:\/\/home-dev.infn.it\/en\/wp-json\/wp\/v2\/media?parent=12477"}],"curies":[{"name":"wp","href":"https:\/\/api.w.org\/{rel}","templated":true}]}}